{"id":156,"date":"2020-06-16T11:30:34","date_gmt":"2020-06-16T09:30:34","guid":{"rendered":"http:\/\/3c2d.arca-observatoire.com\/?page_id=156"},"modified":"2021-04-21T14:11:22","modified_gmt":"2021-04-21T12:11:22","slug":"publications","status":"publish","type":"page","link":"https:\/\/3c2d.arca-observatoire.com\/en\/contact\/publications\/","title":{"rendered":"Publications"},"content":{"rendered":"\n<h3 class=\"wp-block-heading\"><\/h3>\n\n\n\n<p><strong>Articles&nbsp;&#038; Chapiters&nbsp;:<\/strong><\/p>\n\n\n\n<ul class=\"wp-block-list\"><li>Dieu, E., &#038; Tortes-Saint-Jammes, J. (2020). Interest of AIP and EMDR in a new conceptualization of \u201cTIM-E Criminology\u201d: example of radicalized offenders\u2019 treatment. Soumis.<\/li><li>Dieu, E. (2020). La conceptualisation et prise-en-charge TIM-E de la radicalisation\u00a0: une r\u00e9ponse int\u00e9grative de la criminologie r\u00e9habilitative (RBR et GLM) et de la neuropsychologie (AIP et EMDR). EJTD, accept\u00e9.<\/li><li>Dieu, E., Testouri, L., &#038; Palaric, R. (2020). L\u2019outil IVIE-tr sur les Investissements de VIE lors des trajectoires de radicalisation : une application pratique du mod\u00e8le de l\u2019Identit\u00e9 Temporelle TIM-E \u00e0 destination des professionnels de terrain. Revue Internationale de Criminologie et de Police Technique et Scientifique, in press.<\/li><li>Dieu, E. Que faire des mod\u00e8les de la d\u00e9sistance dans l\u2019accompagnement des auteurs d\u2019infraction ? Revue Internationale de Criminologie et de Police Technique et Scientifique\u00a0LXXII:170-190. Avril 2019.<\/li><li><a href=\"https:\/\/www.em-consulte.com\/en\/article\/1292198\" target=\"_blank\" rel=\"noreferrer noopener\">Dieu, E., Sorel, O., Bouchard, J-P. (2019). Place de la psychoth\u00e9rapie int\u00e9grative dans la prise en charge des probl\u00e9matiques de radicalisation. Annales M\u00e9dico-psychologiques, Accepted\u00a0: DOI: 10.1016\/j.amp.2019.03.011<\/a><\/li><li><a href=\"https:\/\/www.cairn.info\/revue-le-genre-humain-2019-2-page-325.html\" target=\"_blank\" rel=\"noreferrer noopener\">Dieu, E., &#038; Sorel, O. C\u00e9SURE (Cercles sur l\u2019Emphase), pr\u00e9sentation d\u2019un dispositif d\u2019accompagnement des personnes radicalis\u00e9es ayant commis ou non des actes terroristes extr\u00e9mistes. Chapitre dans l\u2019ouvrage \u00ab\u00a0Etats G\u00e9n\u00e9raux Psy de la Radicalisation\u00a0\u00bb, Editions du Seuil, f\u00e9vrier 2019.<\/a><\/li><li>Sorel, O. &#038; Dieu, E. (2019). L\u2019int\u00e9r\u00eat des Entretiens Temporels du Mod\u00e8le TIM-E dans l\u2019accompagnement social en d\u00e9tention. In N. Combalbert &#038; S. Roth\u00e9. Incarc\u00e9ration, vuln\u00e9rabilit\u00e9s et interventions sociales. L\u2019Harmattan, collection Logiques sociales.<\/li><li>Dieu, E., Issen, E., &#038; Sorel, O. (2019). S\u2019essayer au Mod\u00e8le \u00ab Good Lives \u00bb (GLM) dans l\u2019accompagnement psychosocial des infracteurs ? Illustration du suivi entre vous, nouveau GLMiste, et G\u00e9rard MENVUSA, nouveau d\u00e9linquant. In N. Combalbert &#038; S. Roth\u00e9. Incarc\u00e9ration, vuln\u00e9rabilit\u00e9s et interventions sociales. L\u2019Harmattan, collection Logiques sociales.<\/li><li>Dieu, E., &#038; Hirschelmann, A. Trois r\u00e9flexions pour situer l\u2019analyse psycho-criminologique fran\u00e7aise. Annales M\u00e9dico-psychologiques revue psychiatrique\u00a0176(6) : 586-590, juin 2018.<\/li><li>Dieu, E., L. Testouri, O. Sorel. Proposition d\u2019une m\u00e9thodologie d\u2019\u00e9valuation de l\u2019identit\u00e9 en voie de radicalisation. Revue Internationale de Criminologie et de Police Technique et Scientifique, juillet 2018.<\/li><\/ul>\n\n\n\n<div class=\"wp-block-image\"><figure class=\"aligncenter\"><a href=\"https:\/\/www.editions-harmattan.fr\/index.asp?navig=catalogue&#038;obj=livre&#038;no=65980\" target=\"_blank\" rel=\"noreferrer noopener\"><img loading=\"lazy\" decoding=\"async\" width=\"471\" height=\"636\" src=\"http:\/\/3c2d.arca-observatoire.com\/wp-content\/uploads\/2020\/06\/GLM.jpg\" alt=\"\" class=\"wp-image-144\" srcset=\"https:\/\/3c2d.arca-observatoire.com\/wp-content\/uploads\/2020\/06\/GLM.jpg 471w, https:\/\/3c2d.arca-observatoire.com\/wp-content\/uploads\/2020\/06\/GLM-222x300.jpg 222w\" sizes=\"auto, (max-width: 471px) 100vw, 471px\" \/><\/a><\/figure><\/div>\n\n\n\n<p><strong>Communications&nbsp;:<\/strong><\/p>\n\n\n\n<ul class=\"wp-block-list\"><li>Dieu, E., Sorel, O., &#038; Lavandier, A. (2019). L\u2019application en R\u00e9alit\u00e9 Virtuelle du Mod\u00e8le de l\u2019Identit\u00e9 Temporelle (TIM-E). Communication orale, Pr\u00e9venir et soigner les psychotraumatismes de l\u2019enfant et de l\u2019adolescent : une porte ouverte sur l\u2019avenir, Bordeaux.<\/li><li>Dieu, E., Sorel, O., AlJoboory, S., &#038; Tortes-Saint-Jammes, J. (2019). Le Mod\u00e8le de l\u2019Identit\u00e9 Temporelle (TIM-E) en criminologie ? Des interventions positives centr\u00e9es sur le futur des sujets. Communication orale, Congr\u00e8s International Francophone sur l\u2019Agression Sexuelle, Montpellier.<\/li><li>Dieu, E., &#038; Tortes Saint Jammes, J. Interest of AIP and EMDR in a new conceptualization of \u201cTIM-E Criminology\u201d: example of radicalized offenders\u2019 treatment. EMDR International Association, conference 2019 \u201cchanging lives\u201d. Septembre 2019, Los Angeles.<\/li><li><a href=\"http:\/\/3c2d.arca-observatoire.com\/wp-content\/uploads\/2020\/06\/egpsy2018-programme-en.pdf\" target=\"_blank\" rel=\"noreferrer noopener\">Dieu, E., &#038; Sorel, O. (2018). Le traitement de la radicalisation en prison : le cas du protocole C\u00e9sure. Communication orale, Etats G\u00e9n\u00e9raux Psy sur la Radicalisation, Maison de la chimie, Paris.<\/a><\/li><li>Sorel, O., &#038; Dieu, E. (2018). Place de la psychoth\u00e9rapie int\u00e9grative dans la prise en charge des probl\u00e9matiques de radicalisation. Communication orale, Psychotraumatisme : enjeux et perspectives, Journ\u00e9es du Centre Psychotraumatologique CASPERTT, Bordeaux.<\/li><li>Dieu, E. (2017). Un avenir pour d\u00e9passer l\u2019imparfait du pr\u00e9sent ? Du Mod\u00e8le de l\u2019Identit\u00e9 Temporelle \u00ab TIM-E \u00bb aux Entretiens Temporels dans le suivi. Communication orale, Penser demain, panser ensemble : il en vaut la peine. R\u00e9insertion du sujet \u201cplac\u00e9 sous main de Justice\u201d et d\u00e9fi de l\u2019interdisciplinarit\u00e9. 17emes Journ\u00e9es d\u2019\u00e9tude Internationales de Psycho-criminologie et Victimologie. Rennes (Universit\u00e9 Rennes 2).<\/li><li>Dieu, E., Testouri, L., &#038; Sorel, O. (2016). Programme collectif C\u00e9SURE : l\u2019accompagnement TCCE de l\u2019identit\u00e9 vuln\u00e9rable rencontrant une radicalisation. Communication orale, 44e Congr\u00e8s annuel des Th\u00e9rapies Comportementales et Cognitives (AFTCC). Symposium 2 : Programmes m\u00e9thodes et techniques innovantes en TCC, Paris.<\/li><li>Sorel, O., &#038; Dieu, E. (2016). L\u2019approche temporelle au service de la restructuration cognitive : d\u00e9centrations temporelles et de personnes. Communication orale, 44e Congr\u00e8s annuel des Th\u00e9rapies Comportementales et Cognitives (AFTCC). Symposium 2 : Programmes m\u00e9thodes et techniques innovantes en TCC, Paris.<\/li><li>Chartier, M., Sorel, O., &#038; Dieu, E. (2016). Le sentiment d\u2019efficacit\u00e9 personnelle au centre de la pr\u00e9vention de la r\u00e9cidive. Communication orale, 44e Congr\u00e8s annuel des Th\u00e9rapies Comportementales et Cognitives (AFTCC). Symposium 2 : Programmes m\u00e9thodes et techniques innovantes en TCC, Paris.<\/li><li>Dieu, E. (2016). Du mod\u00e8le temporaliste TIM-E au protocole PRATIC : l\u2019effectivit\u00e9 du GLM (\u00e9valuation, accompagnement individuel et groupal). Communication orale, Good Lives Model (GLM) : Premi\u00e8res rencontres internationales francophones, Tournai, Belgique.<\/li><li>Dieu, E. C\u00e9SURE : Protocole pour une approche positive. De l\u2019accompagnement GLM de l\u2019identit\u00e9 dite en radicalisation ou radicalis\u00e9e. Good Lives Model (GLM) : Premi\u00e8res rencontres internationales francophones. Octobre 2016, Tournai, Belgique.<\/li><\/ul>\n\n\n\n<p><\/p>\n","protected":false},"excerpt":{"rendered":"<p>Articles&nbsp;&#038; Chapiters&nbsp;: Dieu, E., &#038; Tortes-Saint-Jammes, J. (2020). Interest of AIP and EMDR in a new conceptualization of \u201cTIM-E Criminology\u201d: example of radicalized offenders\u2019 treatment. Soumis. Dieu, E. (2020). La conceptualisation et prise-en-charge TIM-E de la radicalisation\u00a0: une r\u00e9ponse int\u00e9grative de la criminologie r\u00e9habilitative (RBR et GLM) et de la neuropsychologie (AIP et EMDR). EJTD, [&hellip;]<\/p>\n","protected":false},"author":1,"featured_media":161,"parent":18,"menu_order":0,"comment_status":"closed","ping_status":"closed","template":"","meta":{"gt_page_layout":"","gt_hide_page_title":false,"gt_remove_bottom_margin":false,"footnotes":""},"class_list":["post-156","page","type-page","status-publish","has-post-thumbnail","hentry"],"translation":{"provider":"WPGlobus","version":"3.0.2","language":"en","enabled_languages":["fr","en"],"languages":{"fr":{"title":true,"content":true,"excerpt":false},"en":{"title":true,"content":true,"excerpt":false}}},"_links":{"self":[{"href":"https:\/\/3c2d.arca-observatoire.com\/en\/wp-json\/wp\/v2\/pages\/156","targetHints":{"allow":["GET"]}}],"collection":[{"href":"https:\/\/3c2d.arca-observatoire.com\/en\/wp-json\/wp\/v2\/pages"}],"about":[{"href":"https:\/\/3c2d.arca-observatoire.com\/en\/wp-json\/wp\/v2\/types\/page"}],"author":[{"embeddable":true,"href":"https:\/\/3c2d.arca-observatoire.com\/en\/wp-json\/wp\/v2\/users\/1"}],"replies":[{"embeddable":true,"href":"https:\/\/3c2d.arca-observatoire.com\/en\/wp-json\/wp\/v2\/comments?post=156"}],"version-history":[{"count":6,"href":"https:\/\/3c2d.arca-observatoire.com\/en\/wp-json\/wp\/v2\/pages\/156\/revisions"}],"predecessor-version":[{"id":374,"href":"https:\/\/3c2d.arca-observatoire.com\/en\/wp-json\/wp\/v2\/pages\/156\/revisions\/374"}],"up":[{"embeddable":true,"href":"https:\/\/3c2d.arca-observatoire.com\/en\/wp-json\/wp\/v2\/pages\/18"}],"wp:featuredmedia":[{"embeddable":true,"href":"https:\/\/3c2d.arca-observatoire.com\/en\/wp-json\/wp\/v2\/media\/161"}],"wp:attachment":[{"href":"https:\/\/3c2d.arca-observatoire.com\/en\/wp-json\/wp\/v2\/media?parent=156"}],"curies":[{"name":"wp","href":"https:\/\/api.w.org\/{rel}","templated":true}]}}