{"id":165,"date":"2020-06-16T11:35:29","date_gmt":"2020-06-16T09:35:29","guid":{"rendered":"http:\/\/3c2d.arca-observatoire.com\/?page_id=165"},"modified":"2021-11-26T10:11:21","modified_gmt":"2021-11-26T09:11:21","slug":"equipe","status":"publish","type":"page","link":"https:\/\/3c2d.arca-observatoire.com\/en\/3c2d\/equipe\/","title":{"rendered":"3C2D Team"},"content":{"rendered":"\n<p>Trainers and Supervisor partners (<strong>ARCA, ANTIGONE, CIPM<\/strong>), the safety of project with an implementation and supervision <em>in situ.<\/em><\/p>\n\n\n\n<p><br>Researchers for the evaluation of programme (<strong>University of Tours -France, ULG -Belgique, Milan)<\/strong><br><br>General coordinator, creator of model and programme\u00a0: <strong>Erwan DIEU \/ARCA<\/strong><\/p>\n\n\n\n<p>Project implanted in correctional services\/practices with the great support and initial convention (Direction de l\u2019Administration P\u00e9nitentiaire, PLAT, France).<\/p>\n\n\n\n<div class=\"wp-block-media-text alignwide is-stacked-on-mobile\" style=\"grid-template-columns:24% auto\"><figure class=\"wp-block-media-text__media\"><img loading=\"lazy\" decoding=\"async\" width=\"195\" height=\"250\" src=\"http:\/\/3c2d.arca-observatoire.com\/wp-content\/uploads\/2020\/06\/ErwanDieu.jpg\" alt=\"\" class=\"wp-image-185 size-full\"\/><\/figure><div class=\"wp-block-media-text__content\">\n<p class=\"has-large-font-size\"><strong>Erwan Dieu<\/strong><\/p>\n\n\n\n<p><a rel=\"noreferrer noopener\" href=\"arca.direction@gmail.com\" data-type=\"URL\" data-id=\"arca.direction@gmail.com\" target=\"_blank\">Contact<\/a><\/p>\n\n\n\n<p>Dr Erwan Dieu is Criminologist (Master Criminology, University of Li\u00e8ge, Belgium) and PhD in Psychology (Psycho-criminology, University of Rennes 2, France). He is an EMDR-Europe practitioner\u00a9 and officially trained in EMDR consultant. He currently the managing director of the Service of Criminology (ARCA) in France, under agreement with the ministries. He brings maximalist Restorative Justice in France, EMDR for the psychotherapy in criminology and GLM for the rehabilitation. He is the official French contact dor Good Lives Model on the international board GLM website : <a href=\"https:\/\/goolivesmodel.com\">https\/\/goodlivesmodel.com <\/a> and national referent on Restorative Justive for Justice Departement (SADJAV, France)<br>TIM-E work: He is the creator of the Temporal Identity Model (TIM-E) and Temporal Interviewing (TI) linking the GLM\/SRM with the adaptive information processing (AIP) system in neuropsychology to focus the intervention on the development of future perspectives of offenders and victims. He is the coordinator of the European research &#8220;3C2D&#8221; (Three Circles To Desistance) applied to France, Belgium and Italy concerning positive Criminology programmes (CeSURE) in detention applied to radicalization, extremist terrorism, violent behaviours (men, women, adults and youngs).<\/p>\n<\/div><\/div>\n\n\n\n<div class=\"wp-block-media-text alignwide has-media-on-the-right is-stacked-on-mobile\" style=\"grid-template-columns:auto 21%\"><figure class=\"wp-block-media-text__media\"><img loading=\"lazy\" decoding=\"async\" width=\"769\" height=\"1024\" src=\"http:\/\/3c2d.arca-observatoire.com\/wp-content\/uploads\/2020\/06\/photoprofil-769x1024.jpg\" alt=\"\" class=\"wp-image-225 size-full\" srcset=\"https:\/\/3c2d.arca-observatoire.com\/wp-content\/uploads\/2020\/06\/photoprofil-769x1024.jpg 769w, https:\/\/3c2d.arca-observatoire.com\/wp-content\/uploads\/2020\/06\/photoprofil-225x300.jpg 225w, https:\/\/3c2d.arca-observatoire.com\/wp-content\/uploads\/2020\/06\/photoprofil-768x1022.jpg 768w, https:\/\/3c2d.arca-observatoire.com\/wp-content\/uploads\/2020\/06\/photoprofil-1154x1536.jpg 1154w, https:\/\/3c2d.arca-observatoire.com\/wp-content\/uploads\/2020\/06\/photoprofil-1539x2048.jpg 1539w, https:\/\/3c2d.arca-observatoire.com\/wp-content\/uploads\/2020\/06\/photoprofil-scaled.jpg 1923w\" sizes=\"auto, (max-width: 769px) 100vw, 769px\" \/><\/figure><div class=\"wp-block-media-text__content\">\n<p class=\"has-large-font-size\">No\u00e9mie Henrard<\/p>\n\n\n\n<p><a href=\"mailto:nmhenrard@uliege.be\" data-type=\"mailto\" data-id=\"mailto:nmhenrard@uliege.be\" target=\"_blank\" rel=\"noreferrer noopener\">Contact<\/a><\/p>\n\n\n\n<p>No\u00e9mie Henrard is a psychologist and hypnotherapist. She was trained at the University of Li\u00e8ge and then followed the hypnosis training at the Milton Erickson Institute in Li\u00e8ge. From 2005 to 2017, she worked as a psychologist in an adult psychiatric care unit. In 2012, she joined the Antigone Group in the psycho-trauma and legal psychology expertise service at the University of Li\u00e8ge (Belgium). Her main areas of activity are (sexual) delinquency, domestic violence, collective psycho-trauma and change management. Her main activities are at 3 levels: 1\/ clinical practices via individual, conjugal, family, group and\/or institutional interventions, 2\/ trainer with professionals involved in socio-psychological rehabilitation processes, 3\/ scientific research: development of the Good Lives Model, translation or creation of intervention\/evaluation tools, writing of articles or parts of collective works, participation in or organization of international congresses, involvement in international research.<\/p>\n<\/div><\/div>\n\n\n\n<div class=\"wp-block-media-text alignwide is-stacked-on-mobile\" style=\"grid-template-columns:21% auto\"><figure class=\"wp-block-media-text__media\"><img loading=\"lazy\" decoding=\"async\" width=\"834\" height=\"834\" src=\"http:\/\/3c2d.arca-observatoire.com\/wp-content\/uploads\/2020\/06\/serge-01-1.jpg\" alt=\"\" class=\"wp-image-236 size-full\" srcset=\"https:\/\/3c2d.arca-observatoire.com\/wp-content\/uploads\/2020\/06\/serge-01-1.jpg 834w, https:\/\/3c2d.arca-observatoire.com\/wp-content\/uploads\/2020\/06\/serge-01-1-300x300.jpg 300w, https:\/\/3c2d.arca-observatoire.com\/wp-content\/uploads\/2020\/06\/serge-01-1-150x150.jpg 150w, https:\/\/3c2d.arca-observatoire.com\/wp-content\/uploads\/2020\/06\/serge-01-1-768x768.jpg 768w\" sizes=\"auto, (max-width: 834px) 100vw, 834px\" \/><\/figure><div class=\"wp-block-media-text__content\">\n<p class=\"has-large-font-size\">Serge Corneille <\/p>\n\n\n\n<p><a rel=\"noreferrer noopener\" href=\"mailto:Serge.Corneille@uliege.be\" data-type=\"mailto\" data-id=\"mailto:Serge.Corneille@uliege.be\" target=\"_blank\">Contact<\/a><\/p>\n\n\n\n<p>Serge Corneille is a psychologist at the University of Li\u00e8ge (Belgium) and coordinator of the Antigone Group in the psycho-trauma and legal psychology expertise service.<br>Serge Corneille was trained at the University of Li\u00e8ge. Before joining the team at the University of Liege in 2002, Serge Corneille worked as a psychologist in a psycho-medico-social service for outpatient consultations. His main areas of activity are sexual delinquency, domestic violence, collective psycho-trauma and change management.<br>His main activities are at 3 levels: 1\/ clinical practices via individual, conjugal, family, group and\/or institutional interventions, 2\/ trainer with professionals involved in socio-psychological rehabilitation processes, 3\/ scientific research: development of the Good Lives Model, translation or creation of intervention \/evaluation tools, writing of articles or parts of collective works, participation in or organization of international congresses, involvement in international research.<\/p>\n<\/div><\/div>\n\n\n\n<div class=\"wp-block-media-text alignwide has-media-on-the-right is-stacked-on-mobile\" style=\"grid-template-columns:auto 23%\"><figure class=\"wp-block-media-text__media\"><img loading=\"lazy\" decoding=\"async\" width=\"1010\" height=\"1024\" src=\"http:\/\/3c2d.arca-observatoire.com\/wp-content\/uploads\/2020\/06\/francesca-1010x1024.jpg\" alt=\"\" class=\"wp-image-275 size-full\" srcset=\"https:\/\/3c2d.arca-observatoire.com\/wp-content\/uploads\/2020\/06\/francesca-1010x1024.jpg 1010w, https:\/\/3c2d.arca-observatoire.com\/wp-content\/uploads\/2020\/06\/francesca-296x300.jpg 296w, https:\/\/3c2d.arca-observatoire.com\/wp-content\/uploads\/2020\/06\/francesca-768x778.jpg 768w, https:\/\/3c2d.arca-observatoire.com\/wp-content\/uploads\/2020\/06\/francesca-1516x1536.jpg 1516w, https:\/\/3c2d.arca-observatoire.com\/wp-content\/uploads\/2020\/06\/francesca-2021x2048.jpg 2021w\" sizes=\"auto, (max-width: 1010px) 100vw, 1010px\" \/><\/figure><div class=\"wp-block-media-text__content\">\n<h1 class=\"wp-block-heading\">Francesca Garbarino<\/h1>\n\n\n\n<p><a href=\"mailto:francesca.garbarino@yahoo.it\" data-type=\"mailto\" data-id=\"mailto:francesca.garbarino@yahoo.it\" target=\"_blank\" rel=\"noreferrer noopener\">Contact <\/a><\/p>\n\n\n\n<p>Francesca Garbarino is a criminologist. She worked as a lawyer, she specialized in Criminology at the University of Milano and followed the training in mediation practices&nbsp; at CMFM in Paris. Since 1995 she works in prison as criminologist. In 1995 she founded Centro Italiano di Promozione alla Mediazione, association that introduced restorative justice practices&nbsp; and criminological treatment for the offenders in Italy. Her main areas of activity are criminological treatment of sex offenders and domestic violence; she is trainer with professionals involved in socio-psychological rehabilitation processes. She writes&nbsp; articles, participates as a speaker in congresses and prepares social projects in these specific areas of activity. She was judge of peace and now is honorary judge at the&nbsp; Juvenile court of Milano.<\/p>\n<\/div><\/div>\n\n\n\n<div class=\"wp-block-media-text alignwide is-stacked-on-mobile\" style=\"grid-template-columns:24% auto\"><figure class=\"wp-block-media-text__media\"><img loading=\"lazy\" decoding=\"async\" width=\"808\" height=\"1024\" src=\"http:\/\/3c2d.arca-observatoire.com\/wp-content\/uploads\/2020\/06\/maritsa-01-808x1024.jpg\" alt=\"\" class=\"wp-image-278 size-full\" srcset=\"https:\/\/3c2d.arca-observatoire.com\/wp-content\/uploads\/2020\/06\/maritsa-01-808x1024.jpg 808w, https:\/\/3c2d.arca-observatoire.com\/wp-content\/uploads\/2020\/06\/maritsa-01-237x300.jpg 237w, https:\/\/3c2d.arca-observatoire.com\/wp-content\/uploads\/2020\/06\/maritsa-01-768x973.jpg 768w, https:\/\/3c2d.arca-observatoire.com\/wp-content\/uploads\/2020\/06\/maritsa-01-1212x1536.jpg 1212w, https:\/\/3c2d.arca-observatoire.com\/wp-content\/uploads\/2020\/06\/maritsa-01-1617x2048.jpg 1617w, https:\/\/3c2d.arca-observatoire.com\/wp-content\/uploads\/2020\/06\/maritsa-01.jpg 1772w\" sizes=\"auto, (max-width: 808px) 100vw, 808px\" \/><\/figure><div class=\"wp-block-media-text__content\">\n<p class=\"has-large-font-size\">Maritsa Cantaluppi<\/p>\n\n\n\n<p><a rel=\"noreferrer noopener\" href=\"mailto:Maritsacantaluppi@gmail.com\" data-type=\"mailto\" data-id=\"mailto:Maritsacantaluppi@gmail.com\" target=\"_blank\">Contact<\/a><\/p>\n\n\n\n<p>Maritsa Cantaluppi is a psychologist and psychotherapist . She was trained at the Catholic University of Milan e and then followed the specialization school in Integrated Focal Psychotherapy&nbsp; , ISERDIP-Milan &nbsp;and a Master in Psychodiagnostic Training .<br>From 2007 to today she worked as a psychologist for the CIPM in the Service of the Municipality of Milan &#8220;Center for Social and Criminal Mediation&#8221;, in the UTI &#8220;Intensified Treatment Unit for Sexual Offenders&#8221; of Milan Bollate prison, and &nbsp;in various restorative justice projects.<br>From 2011 to 2017, she worked as a psychologist and psychotherapist for the A.O. Guido Salvini di Garbagnate Milanese- hospital in the Complex Unit of Clinical Psychology and the Department of Territorial Psychiatry.<br>Her main areas of activity are sexual delinquency, domestic violence, psycho-trauma and victimization. Her clinical practice involves individual, conjugal and group interventions, and she is a trainer with professionals involved in the socio-psycho-criminological rehabilitation processes.<\/p>\n\n\n\n<p><br><\/p>\n<\/div><\/div>\n\n\n\n<figure class=\"wp-block-image alignfull size-large\"><img loading=\"lazy\" decoding=\"async\" width=\"1024\" height=\"362\" src=\"http:\/\/3c2d.arca-observatoire.com\/wp-content\/uploads\/2020\/06\/ULG-1024x362.png\" alt=\"\" class=\"wp-image-133\" srcset=\"https:\/\/3c2d.arca-observatoire.com\/wp-content\/uploads\/2020\/06\/ULG-1024x362.png 1024w, https:\/\/3c2d.arca-observatoire.com\/wp-content\/uploads\/2020\/06\/ULG-300x106.png 300w, https:\/\/3c2d.arca-observatoire.com\/wp-content\/uploads\/2020\/06\/ULG-768x272.png 768w, https:\/\/3c2d.arca-observatoire.com\/wp-content\/uploads\/2020\/06\/ULG.png 1179w\" sizes=\"auto, (max-width: 1024px) 100vw, 1024px\" \/><\/figure>\n","protected":false},"excerpt":{"rendered":"<p>Trainers and Supervisor partners (ARCA, ANTIGONE, CIPM), the safety of project with an implementation and supervision in situ. Researchers for the evaluation of programme (University of Tours -France, ULG -Belgique, Milan) General coordinator, creator of model and programme\u00a0: Erwan DIEU \/ARCA Project implanted in correctional services\/practices with the great support and initial convention (Direction de [&hellip;]<\/p>\n","protected":false},"author":1,"featured_media":0,"parent":284,"menu_order":0,"comment_status":"closed","ping_status":"closed","template":"","meta":{"gt_page_layout":"","gt_hide_page_title":false,"gt_remove_bottom_margin":false,"footnotes":""},"class_list":["post-165","page","type-page","status-publish","hentry"],"translation":{"provider":"WPGlobus","version":"3.0.2","language":"en","enabled_languages":["fr","en"],"languages":{"fr":{"title":true,"content":true,"excerpt":false},"en":{"title":true,"content":true,"excerpt":false}}},"_links":{"self":[{"href":"https:\/\/3c2d.arca-observatoire.com\/en\/wp-json\/wp\/v2\/pages\/165","targetHints":{"allow":["GET"]}}],"collection":[{"href":"https:\/\/3c2d.arca-observatoire.com\/en\/wp-json\/wp\/v2\/pages"}],"about":[{"href":"https:\/\/3c2d.arca-observatoire.com\/en\/wp-json\/wp\/v2\/types\/page"}],"author":[{"embeddable":true,"href":"https:\/\/3c2d.arca-observatoire.com\/en\/wp-json\/wp\/v2\/users\/1"}],"replies":[{"embeddable":true,"href":"https:\/\/3c2d.arca-observatoire.com\/en\/wp-json\/wp\/v2\/comments?post=165"}],"version-history":[{"count":29,"href":"https:\/\/3c2d.arca-observatoire.com\/en\/wp-json\/wp\/v2\/pages\/165\/revisions"}],"predecessor-version":[{"id":427,"href":"https:\/\/3c2d.arca-observatoire.com\/en\/wp-json\/wp\/v2\/pages\/165\/revisions\/427"}],"up":[{"embeddable":true,"href":"https:\/\/3c2d.arca-observatoire.com\/en\/wp-json\/wp\/v2\/pages\/284"}],"wp:attachment":[{"href":"https:\/\/3c2d.arca-observatoire.com\/en\/wp-json\/wp\/v2\/media?parent=165"}],"curies":[{"name":"wp","href":"https:\/\/api.w.org\/{rel}","templated":true}]}}